{"id":3232,"date":"2025-08-02T16:29:08","date_gmt":"2025-08-02T14:29:08","guid":{"rendered":"https:\/\/kerryhoward.de\/?page_id=3232"},"modified":"2025-08-02T17:35:38","modified_gmt":"2025-08-02T15:35:38","slug":"blog","status":"publish","type":"page","link":"https:\/\/kerryhoward.de\/en\/blog\/","title":{"rendered":"Blog"},"content":{"rendered":"<div data-elementor-type=\"wp-page\" data-elementor-id=\"3232\" class=\"elementor elementor-3232\" data-elementor-settings=\"{&quot;ha_cmc_init_switcher&quot;:&quot;no&quot;}\" data-elementor-post-type=\"page\">\n\t\t\t\t<div class=\"elementor-element elementor-element-791555e6 e-flex e-con-boxed wpr-particle-no wpr-jarallax-no wpr-parallax-no wpr-sticky-section-no wpr-equal-height-no e-con e-parent\" data-id=\"791555e6\" data-element_type=\"container\" data-e-type=\"container\" data-settings=\"{&quot;background_background&quot;:&quot;classic&quot;,&quot;_ha_eqh_enable&quot;:false}\">\n\t\t\t\t\t<div class=\"e-con-inner\">\n\t\t\t\t<div class=\"elementor-element elementor-element-75dd4773 elementor-widget elementor-widget-heading\" data-id=\"75dd4773\" data-element_type=\"widget\" data-e-type=\"widget\" data-widget_type=\"heading.default\">\n\t\t\t\t<div class=\"elementor-widget-container\">\n\t\t\t\t\t<h1 class=\"elementor-heading-title elementor-size-default\">Blog<\/h1>\t\t\t\t<\/div>\n\t\t\t\t<\/div>\n\t\t\t\t\t<\/div>\n\t\t\t\t<\/div>\n\t\t<div class=\"elementor-element elementor-element-3797857f e-flex e-con-boxed wpr-particle-no wpr-jarallax-no wpr-parallax-no wpr-sticky-section-no wpr-equal-height-no e-con e-parent\" data-id=\"3797857f\" data-element_type=\"container\" data-e-type=\"container\" data-settings=\"{&quot;_ha_eqh_enable&quot;:false}\">\n\t\t\t\t\t<div class=\"e-con-inner\">\n\t\t<div class=\"elementor-element elementor-element-43901899 e-con-full e-flex wpr-particle-no wpr-jarallax-no wpr-parallax-no wpr-sticky-section-no wpr-equal-height-no e-con e-child\" data-id=\"43901899\" data-element_type=\"container\" data-e-type=\"container\" data-settings=\"{&quot;_ha_eqh_enable&quot;:false}\">\n\t\t\t\t<div class=\"elementor-element elementor-element-48c94637 ha-has-bg-overlay elementor-widget elementor-widget-text-editor\" data-id=\"48c94637\" data-element_type=\"widget\" data-e-type=\"widget\" data-widget_type=\"text-editor.default\">\n\t\t\t\t<div class=\"elementor-widget-container\">\n\t\t\t\t\t\t\t\t\t<p>In meinem Blog berichte ich von meiner Arbeit, gebe wertvolle Tipps rund um das Thema Hochzeit und zeige Inspirationen f\u00fcr Eure Traumveranstaltung.<\/p><p>Als Hochzeitsplanerin und Eventdesignerin kann ich viele meiner Leidenschaften vereinen und meine kreative Ader ausleben.<\/p><p>Kein einziger Tag gleicht dem anderen, ich darf viele neue Orte bereisen und wundervolle Menschen kennenlernen. Vor allem aber ist es immer wieder ein unglaubliches Gef\u00fchl, Menschen gl\u00fccklich zu machen.<\/p><p><strong>Viel Spa\u00df beim Lesen in meinem Blog!<\/strong><\/p>\t\t\t\t\t\t\t\t<\/div>\n\t\t\t\t<\/div>\n\t\t\t\t<div class=\"elementor-element elementor-element-53c7d121 elementor-widget elementor-widget-qi_addons_for_elementor_blog_list\" data-id=\"53c7d121\" data-element_type=\"widget\" data-e-type=\"widget\" data-widget_type=\"qi_addons_for_elementor_blog_list.default\">\n\t\t\t\t<div class=\"elementor-widget-container\">\n\t\t\t\t\t<div class=\"qodef-shortcode qodef-m qodef-addons-blog-list qodef-alignment--centered qodef-info-no-icons qodef-image--hover-zoom qodef-qi-grid qodef-layout--qi-columns qodef-col-num--2 qodef-item-layout--boxed qodef-responsive--predefined\" >\n\t<div class=\"qodef-grid-inner\">\n\t\t<article class=\"qodef-e qodef-blog-item qodef-grid-item qodef-item--square post-3397 post type-post status-publish format-standard has-post-thumbnail hentry category-elopement category-wedding category-wedding-planner\">\n\t<div class=\"qodef-e-inner\">\n\t\t<div class=\"qodef-e-media-holder\">\n\t\t\t<div class=\"qodef-e-media\">\n\t\t<div class=\"qodef-e-media-image\">\n\t\t<a itemprop=\"url\" href=\"https:\/\/kerryhoward.de\/en\/elopement\/\">\n\t\t\t<img fetchpriority=\"high\" decoding=\"async\" width=\"650\" height=\"650\" src=\"https:\/\/kerryhoward.de\/wp-content\/uploads\/2024\/11\/shutterstock_613728569-scaled-e1738140958151.jpg\" class=\"attachment-qi_addons_for_elementor_image_size_square size-qi_addons_for_elementor_image_size_square\" alt=\"\" srcset=\"https:\/\/kerryhoward.de\/wp-content\/uploads\/2024\/11\/shutterstock_613728569-scaled-e1738140958151.jpg 1707w, https:\/\/kerryhoward.de\/wp-content\/uploads\/2024\/11\/shutterstock_613728569-scaled-e1738140958151-300x300.jpg 300w, https:\/\/kerryhoward.de\/wp-content\/uploads\/2024\/11\/shutterstock_613728569-scaled-e1738140958151-1024x1024.jpg 1024w, https:\/\/kerryhoward.de\/wp-content\/uploads\/2024\/11\/shutterstock_613728569-scaled-e1738140958151-150x150.jpg 150w, https:\/\/kerryhoward.de\/wp-content\/uploads\/2024\/11\/shutterstock_613728569-scaled-e1738140958151-768x768.jpg 768w, https:\/\/kerryhoward.de\/wp-content\/uploads\/2024\/11\/shutterstock_613728569-scaled-e1738140958151-1536x1536.jpg 1536w, https:\/\/kerryhoward.de\/wp-content\/uploads\/2024\/11\/shutterstock_613728569-scaled-e1738140958151-75x75.jpg 75w\" sizes=\"(max-width: 650px) 100vw, 650px\" \/>\t\t<\/a>\n\t\t\t<\/div>\n<\/div>\n<div itemprop=\"dateCreated\" class=\"qodef-e-info-item qodef-e-info-date entry-date\">\n\t<a itemprop=\"url\" href=\"https:\/\/kerryhoward.de\/en\/2025\/08\/\">\n\t\t2 Aug\t<\/a>\n<\/div>\n\t\t<\/div>\n\t\t<div class=\"qodef-e-content\">\n\t\t\t\t\t\t\t<div class=\"qodef-e-info qodef-info--top\">\n\t\t\t\t\t\t\t\t\t<\/div>\n\t\t\t\t\t\t<div class=\"qodef-e-text\">\n\t\t\t\t<h4 itemprop=\"name\" class=\"qodef-e-title entry-title\">\n\t<a itemprop=\"url\" class=\"qodef-e-title-link\" href=\"https:\/\/kerryhoward.de\/en\/elopement\/\">\n\t\tElopement\t<\/a>\n<\/h4>\n\t\t<p itemprop=\"description\" class=\"qodef-e-excerpt\">\n\t\t\tWas ein \u201eElopement\u201c ist und wie es funktioniert \u2013 der ultimative Leitfaden Durch den stark wachsenden Trend der Elopements kennen einige von Ihnen bereits den Begriff, oder kennen sogar Paare, die sich in Form eines Elopement haben trauen lassen. Was genau dahinter steckt, warum ein Elopement so wahrlich besonders ist, und was Sie beim Eloping beachten sollten, erz\u00e4hlen wir Ihnen in diesem Beitrag. Ebenfalls geben wir Ihnen einen kurzen Einblick in die M\u00f6glichkeiten, die Hamburg f\u00fcr Elo\t\t<\/p>\n\t\t\t\t<\/div>\n\t\t\t\t\t\t\t<div class=\"qodef-e-info qodef-info--bottom\">\n\t\t\t\t\t\t<div class=\"qodef-e-read-more\">\n\t\t<a class=\"qodef-shortcode qodef-m qodef-qi-button qodef-html--link qodef-layout--outlined qodef-type--standard qodef-size--small qodef-icon--right qodef-hover--icon-move-horizontal-short\" href=\"https:\/\/kerryhoward.de\/en\/elopement\/\" target=\"_self\">\t<span class=\"qodef-m-text\">Weiterlesen<\/span>\t<\/a>\t<\/div>\n\t\t\t\t<\/div>\n\t\t\t\t\t<\/div>\n\t<\/div>\n<\/article>\n<article class=\"qodef-e qodef-blog-item qodef-grid-item qodef-item--square post-3364 post type-post status-publish format-standard has-post-thumbnail hentry category-wedding category-wedding-planner\">\n\t<div class=\"qodef-e-inner\">\n\t\t<div class=\"qodef-e-media-holder\">\n\t\t\t<div class=\"qodef-e-media\">\n\t\t<div class=\"qodef-e-media-image\">\n\t\t<a itemprop=\"url\" href=\"https:\/\/kerryhoward.de\/en\/wie-finde-ich-den-perfekten-hochzeitsplaner\/\">\n\t\t\t<img decoding=\"async\" width=\"433\" height=\"650\" src=\"https:\/\/kerryhoward.de\/wp-content\/uploads\/2025\/08\/image.png\" class=\"attachment-qi_addons_for_elementor_image_size_square size-qi_addons_for_elementor_image_size_square\" alt=\"\" srcset=\"https:\/\/kerryhoward.de\/wp-content\/uploads\/2025\/08\/image.png 768w, https:\/\/kerryhoward.de\/wp-content\/uploads\/2025\/08\/image-200x300.png 200w, https:\/\/kerryhoward.de\/wp-content\/uploads\/2025\/08\/image-683x1024.png 683w, https:\/\/kerryhoward.de\/wp-content\/uploads\/2025\/08\/image-8x12.png 8w\" sizes=\"(max-width: 433px) 100vw, 433px\" \/>\t\t<\/a>\n\t\t\t<\/div>\n<\/div>\n<div itemprop=\"dateCreated\" class=\"qodef-e-info-item qodef-e-info-date entry-date\">\n\t<a itemprop=\"url\" href=\"https:\/\/kerryhoward.de\/en\/2025\/08\/\">\n\t\t2 Aug\t<\/a>\n<\/div>\n\t\t<\/div>\n\t\t<div class=\"qodef-e-content\">\n\t\t\t\t\t\t\t<div class=\"qodef-e-info qodef-info--top\">\n\t\t\t\t\t\t\t\t\t<\/div>\n\t\t\t\t\t\t<div class=\"qodef-e-text\">\n\t\t\t\t<h4 itemprop=\"name\" class=\"qodef-e-title entry-title\">\n\t<a itemprop=\"url\" class=\"qodef-e-title-link\" href=\"https:\/\/kerryhoward.de\/en\/wie-finde-ich-den-perfekten-hochzeitsplaner\/\">\n\t\tWie finde ich den perfekten Hochzeits\u00adplaner?\t<\/a>\n<\/h4>\n\t\t<p itemprop=\"description\" class=\"qodef-e-excerpt\">\n\t\t\tIhr habt euch also dazu entschieden, einen Hochzeitsplaner f\u00fcr Eure Hochzeit zu engagieren. Herzlichen Gl\u00fcckwunsch &#8211; damit ist die erste gro\u00dfe und wichtigste Entscheidung gefallen.\u00a0Da ein Hochzeitsplaner mit f\u00fcr einen der wichtigsten Tage in Eurem Leben verantwortlich sein wird, ist es umso wichtiger, dass Ihr den f\u00fcr Euch perfekten Hochzeitsplaner an Eurer Seite finden. F\u00fcr viele ist es definitiv lohnenswert: Hochzeitsplaner kennen die Industrie in- und auswendig, sie helfen bei de\t\t<\/p>\n\t\t\t\t<\/div>\n\t\t\t\t\t\t\t<div class=\"qodef-e-info qodef-info--bottom\">\n\t\t\t\t\t\t<div class=\"qodef-e-read-more\">\n\t\t<a class=\"qodef-shortcode qodef-m qodef-qi-button qodef-html--link qodef-layout--outlined qodef-type--standard qodef-size--small qodef-icon--right qodef-hover--icon-move-horizontal-short\" href=\"https:\/\/kerryhoward.de\/en\/wie-finde-ich-den-perfekten-hochzeitsplaner\/\" target=\"_self\">\t<span class=\"qodef-m-text\">Weiterlesen<\/span>\t<\/a>\t<\/div>\n\t\t\t\t<\/div>\n\t\t\t\t\t<\/div>\n\t<\/div>\n<\/article>\n\t<\/div>\n\t<\/div>\n\t\t\t\t<\/div>\n\t\t\t\t<\/div>\n\t\t\t\t<\/div>\n\t\t<div class=\"elementor-element elementor-element-781f13f4 e-con-full e-flex wpr-particle-no wpr-jarallax-no wpr-parallax-no wpr-equal-height-no e-con e-child\" data-id=\"781f13f4\" data-element_type=\"container\" data-e-type=\"container\" data-settings=\"{&quot;_ha_eqh_enable&quot;:false}\">\n\t\t\t\t<div class=\"elementor-element elementor-element-e2186ab elementor-widget elementor-widget-heading\" data-id=\"e2186ab\" data-element_type=\"widget\" data-e-type=\"widget\" data-widget_type=\"heading.default\">\n\t\t\t\t<div class=\"elementor-widget-container\">\n\t\t\t\t\t<h2 class=\"elementor-heading-title elementor-size-default\">Kerry Howard<\/h2>\t\t\t\t<\/div>\n\t\t\t\t<\/div>\n\t\t\t\t<div class=\"elementor-element elementor-element-a891a58 elementor-widget elementor-widget-image\" data-id=\"a891a58\" data-element_type=\"widget\" data-e-type=\"widget\" data-widget_type=\"image.default\">\n\t\t\t\t<div class=\"elementor-widget-container\">\n\t\t\t\t\t\t\t\t\t\t\t\t\t\t\t<img alt=\"\" decoding=\"async\" width=\"683\" height=\"1024\" src=\"https:\/\/kerryhoward.de\/wp-content\/uploads\/2025\/02\/20241113_Kerry1244-1-683x1024.jpg\" class=\"attachment-large size-large wp-image-1518\" srcset=\"https:\/\/kerryhoward.de\/wp-content\/uploads\/2025\/02\/20241113_Kerry1244-1-683x1024.jpg 683w, https:\/\/kerryhoward.de\/wp-content\/uploads\/2025\/02\/20241113_Kerry1244-1-200x300.jpg 200w, https:\/\/kerryhoward.de\/wp-content\/uploads\/2025\/02\/20241113_Kerry1244-1-768x1152.jpg 768w, https:\/\/kerryhoward.de\/wp-content\/uploads\/2025\/02\/20241113_Kerry1244-1-1024x1536.jpg 1024w, https:\/\/kerryhoward.de\/wp-content\/uploads\/2025\/02\/20241113_Kerry1244-1-1365x2048.jpg 1365w, https:\/\/kerryhoward.de\/wp-content\/uploads\/2025\/02\/20241113_Kerry1244-1-scaled.jpg 1707w\" sizes=\"(max-width: 683px) 100vw, 683px\" \/>\t\t\t\t\t\t\t\t\t\t\t\t\t\t\t<\/div>\n\t\t\t\t<\/div>\n\t\t\t\t<div class=\"elementor-element elementor-element-362133a elementor-widget elementor-widget-heading\" data-id=\"362133a\" data-element_type=\"widget\" data-e-type=\"widget\" data-widget_type=\"heading.default\">\n\t\t\t\t<div class=\"elementor-widget-container\">\n\t\t\t\t\t<h2 class=\"elementor-heading-title elementor-size-default\">\u00dcber die Autorin<\/h2>\t\t\t\t<\/div>\n\t\t\t\t<\/div>\n\t\t\t\t<div class=\"elementor-element elementor-element-05bb729 elementor-widget elementor-widget-text-editor\" data-id=\"05bb729\" data-element_type=\"widget\" data-e-type=\"widget\" data-widget_type=\"text-editor.default\">\n\t\t\t\t<div class=\"elementor-widget-container\">\n\t\t\t\t\t\t\t\t\tKerry Howard, 32 Jahre alt, wohnhaft in Hamburg \u2013 leidenschaftliche Hochzeitsplanerin und Eventdesignerin.\t\t\t\t\t\t\t\t<\/div>\n\t\t\t\t<\/div>\n\t\t\t\t<div class=\"elementor-element elementor-element-d485d67 elementor-widget elementor-widget-heading\" data-id=\"d485d67\" data-element_type=\"widget\" data-e-type=\"widget\" data-widget_type=\"heading.default\">\n\t\t\t\t<div class=\"elementor-widget-container\">\n\t\t\t\t\t<h2 class=\"elementor-heading-title elementor-size-default\">Category<\/h2>\t\t\t\t<\/div>\n\t\t\t\t<\/div>\n\t\t\t\t<div class=\"elementor-element elementor-element-8c569d8 elementor-widget elementor-widget-ha-taxonomy-list happy-addon ha-taxonomy-list\" data-id=\"8c569d8\" data-element_type=\"widget\" data-e-type=\"widget\" data-widget_type=\"ha-taxonomy-list.default\">\n\t\t\t\t<div class=\"elementor-widget-container\">\n\t\t\t\t\tNo  category found\t\t\t\t<\/div>\n\t\t\t\t<\/div>\n\t\t\t\t<div class=\"elementor-element elementor-element-37a4376 elementor-widget elementor-widget-heading\" data-id=\"37a4376\" data-element_type=\"widget\" data-e-type=\"widget\" data-widget_type=\"heading.default\">\n\t\t\t\t<div class=\"elementor-widget-container\">\n\t\t\t\t\t<h2 class=\"elementor-heading-title elementor-size-default\">Letzte Posts<\/h2>\t\t\t\t<\/div>\n\t\t\t\t<\/div>\n\t\t\t\t<div class=\"elementor-element elementor-element-d3f8a70 elementor-widget elementor-widget-ha-post-list happy-addon ha-post-list\" data-id=\"d3f8a70\" data-element_type=\"widget\" data-e-type=\"widget\" data-widget_type=\"ha-post-list.default\">\n\t\t\t\t<div class=\"elementor-widget-container\">\n\t\t\t\t\t\t\t\t<div class=\"ha-post-list-wrapper\">\n\t\t\t\t<ul class=\"ha-post-list\" >\n\t\t\t\t\t\t\t\t\t\t\t<li class=\"ha-post-list-item\">\n\t\t\t\t\t\t\t<a href=\"https:\/\/kerryhoward.de\/en\/elopement\/\">\n\t\t\t\t\t\t\t\t\t\t\t\t\t\t\t\t<div class=\"ha-post-list-content\">\n\t\t\t\t\t\t\t\t\t<h2 class=\"ha-post-list-title\">Elopement<\/h2>\t\t\t\t\t\t\t\t\t\t\t\t\t\t\t\t\t\t\t\t\t\t\t\t\t\t\t\t\t\t\t\t\t\t\t<\/div>\n\t\t\t\t\t\t\t<\/a>\n\t\t\t\t\t\t<\/li>\n\t\t\t\t\t\t\t\t\t\t\t<li class=\"ha-post-list-item\">\n\t\t\t\t\t\t\t<a href=\"https:\/\/kerryhoward.de\/en\/wie-finde-ich-den-perfekten-hochzeitsplaner\/\">\n\t\t\t\t\t\t\t\t\t\t\t\t\t\t\t\t<div class=\"ha-post-list-content\">\n\t\t\t\t\t\t\t\t\t<h2 class=\"ha-post-list-title\">Wie finde ich den perfekten Hochzeits\u00adplaner?<\/h2>\t\t\t\t\t\t\t\t\t\t\t\t\t\t\t\t\t\t\t\t\t\t\t\t\t\t\t\t\t\t\t\t\t\t\t<\/div>\n\t\t\t\t\t\t\t<\/a>\n\t\t\t\t\t\t<\/li>\n\t\t\t\t\t\t\t\t\t<\/ul>\n\t\t\t<\/div>\n\t\t\t\t\t\t\t<\/div>\n\t\t\t\t<\/div>\n\t\t\t\t<\/div>\n\t\t\t\t\t<\/div>\n\t\t\t\t<\/div>\n\t\t\t\t<\/div>","protected":false},"excerpt":{"rendered":"<p>Blog In meinem Blog berichte ich von meiner Arbeit, gebe wertvolle Tipps rund um das Thema Hochzeit und zeige Inspirationen f\u00fcr Eure Traumveranstaltung. Als Hochzeitsplanerin und Eventdesignerin kann ich viele meiner Leidenschaften vereinen und meine kreative Ader ausleben. Kein einziger Tag gleicht dem anderen, ich darf viele neue Orte bereisen und wundervolle Menschen kennenlernen. Vor allem aber ist es immer wieder ein unglaubliches Gef\u00fchl, Menschen gl\u00fccklich zu machen. Viel Spa\u00df beim Lesen in meinem Blog! 2 Aug. Wie finde ich den perfekten Hochzeits\u00adplaner? Ihr habt euch also dazu entschieden, einen Hochzeitsplaner f\u00fcr Eure Hochzeit zu engagieren. Herzlichen Gl\u00fcckwunsch &#8211; damit ist die erste gro\u00dfe und wichtigste Entscheidung gefallen.\u00a0Da ein Hochzeitsplaner mit f\u00fcr einen der wichtigsten Tage in Eurem Leben verantwortlich sein wird, ist es umso wichtiger, dass Ihr den f\u00fcr Euch perfekten Hochzeitsplaner an Eurer Seite finden. F\u00fcr viele ist es definitiv lohnenswert: Hochzeitsplaner kennen die Industrie in- und auswendig, sie helfen bei de Weiterlesen Kerry Howard \u00dcber die Autorin Kerry Howard, 32 Jahre alt, wohnhaft in Hamburg \u2013 leidenschaftliche Hochzeitsplanerin und Eventdesignerin. Category No category found Letzte Posts Wie finde ich den perfekten Hochzeits\u00adplaner?<\/p>","protected":false},"author":1,"featured_media":0,"parent":0,"menu_order":0,"comment_status":"closed","ping_status":"closed","template":"elementor_canvas","meta":{"_seopress_robots_primary_cat":"","_seopress_titles_title":"","_seopress_titles_desc":"","_seopress_robots_index":"","site-sidebar-layout":"no-sidebar","site-content-layout":"","ast-site-content-layout":"full-width-container","site-content-style":"default","site-sidebar-style":"default","ast-global-header-display":"","ast-banner-title-visibility":"","ast-main-header-display":"","ast-hfb-above-header-display":"","ast-hfb-below-header-display":"","ast-hfb-mobile-header-display":"","site-post-title":"disabled","ast-breadcrumbs-content":"","ast-featured-img":"disabled","footer-sml-layout":"","theme-transparent-header-meta":"","adv-header-id-meta":"","stick-header-meta":"","header-above-stick-meta":"","header-main-stick-meta":"","header-below-stick-meta":"","astra-migrate-meta-layouts":"default","ast-page-background-enabled":"default","ast-page-background-meta":{"desktop":{"background-color":"var(--ast-global-color-4)","background-image":"","background-repeat":"repeat","background-position":"center center","background-size":"auto","background-attachment":"scroll","background-type":"","background-media":"","overlay-type":"","overlay-color":"","overlay-opacity":"","overlay-gradient":""},"tablet":{"background-color":"","background-image":"","background-repeat":"repeat","background-position":"center center","background-size":"auto","background-attachment":"scroll","background-type":"","background-media":"","overlay-type":"","overlay-color":"","overlay-opacity":"","overlay-gradient":""},"mobile":{"background-color":"","background-image":"","background-repeat":"repeat","background-position":"center center","background-size":"auto","background-attachment":"scroll","background-type":"","background-media":"","overlay-type":"","overlay-color":"","overlay-opacity":"","overlay-gradient":""}},"ast-content-background-meta":{"desktop":{"background-color":"var(--ast-global-color-5)","background-image":"","background-repeat":"repeat","background-position":"center center","background-size":"auto","background-attachment":"scroll","background-type":"","background-media":"","overlay-type":"","overlay-color":"","overlay-opacity":"","overlay-gradient":""},"tablet":{"background-color":"var(--ast-global-color-5)","background-image":"","background-repeat":"repeat","background-position":"center center","background-size":"auto","background-attachment":"scroll","background-type":"","background-media":"","overlay-type":"","overlay-color":"","overlay-opacity":"","overlay-gradient":""},"mobile":{"background-color":"var(--ast-global-color-5)","background-image":"","background-repeat":"repeat","background-position":"center center","background-size":"auto","background-attachment":"scroll","background-type":"","background-media":"","overlay-type":"","overlay-color":"","overlay-opacity":"","overlay-gradient":""}},"footnotes":""},"class_list":["post-3232","page","type-page","status-publish","hentry"],"_links":{"self":[{"href":"https:\/\/kerryhoward.de\/en\/wp-json\/wp\/v2\/pages\/3232","targetHints":{"allow":["GET"]}}],"collection":[{"href":"https:\/\/kerryhoward.de\/en\/wp-json\/wp\/v2\/pages"}],"about":[{"href":"https:\/\/kerryhoward.de\/en\/wp-json\/wp\/v2\/types\/page"}],"author":[{"embeddable":true,"href":"https:\/\/kerryhoward.de\/en\/wp-json\/wp\/v2\/users\/1"}],"replies":[{"embeddable":true,"href":"https:\/\/kerryhoward.de\/en\/wp-json\/wp\/v2\/comments?post=3232"}],"version-history":[{"count":4,"href":"https:\/\/kerryhoward.de\/en\/wp-json\/wp\/v2\/pages\/3232\/revisions"}],"predecessor-version":[{"id":3396,"href":"https:\/\/kerryhoward.de\/en\/wp-json\/wp\/v2\/pages\/3232\/revisions\/3396"}],"wp:attachment":[{"href":"https:\/\/kerryhoward.de\/en\/wp-json\/wp\/v2\/media?parent=3232"}],"curies":[{"name":"wp","href":"https:\/\/api.w.org\/{rel}","templated":true}]}}